{"id":1193,"date":"2022-03-21T11:56:47","date_gmt":"2022-03-21T10:56:47","guid":{"rendered":"https:\/\/www.litochovice.cz\/?page_id=1193"},"modified":"2022-03-23T10:07:36","modified_gmt":"2022-03-23T09:07:36","slug":"o-obci","status":"publish","type":"page","link":"https:\/\/www.litochovice.cz\/index.php\/o-obci\/","title":{"rendered":"O obci"},"content":{"rendered":"<h2>O obci<\/h2>\n<p>Obec Litochovice se nach\u00e1z\u00ed v okrese Strakonice, zhruba 4 km v\u00fdchodn\u011b od Volyn\u011b a 12 km jihov\u00fdchodn\u011b od Strakonic.\u00a0 Nadmo\u0159sk\u00e1 v\u00fd\u0161ka obce je 458 m a \u017eije zde asi 286 obyvatel. V katastru obce le\u017e\u00ed Litochovick\u00fd rybn\u00edk a prot\u00e9kaj\u00ed tudy Podhorsk\u00fd a \u010cep\u0159ovick\u00fd potok. Litochovice maj\u00ed t\u0159i m\u00edstn\u00ed \u010d\u00e1sti: Litochovice, Neuslu\u017eice a St\u0159\u00edte\u017e. Prvn\u00ed p\u00edsemn\u00e1 zm\u00ednka o obci poch\u00e1z\u00ed z roku 1400. U Litochovic se v minulosti t\u011b\u017eily pegmatity ke skl\u00e1\u0159sk\u00fdm \u00fa\u010del\u016fm. Mezi pam\u011btihodnosti obce pat\u0159\u00ed kaple sv. Flori\u00e1na v Litochovic\u00edch, kapli\u010dka ve St\u0159\u00edte\u017ei a kapli\u010dka v Neuslu\u017eic\u00edch. Dal\u0161\u00ed historickou zaj\u00edmavost\u00ed je m\u011b\u0161\u0165ansk\u00fd d\u016fm, kter\u00fd byl s\u00eddlem pra\u017esk\u00e9 kapituly v 16. stolet\u00ed. N\u011bkter\u00e9 domy jsou tradi\u010dn\u011b zdobeny ve stylu selsk\u00e9ho baroka z obdob\u00ed 19. stolet\u00ed, kter\u00fd je typick\u00fdm rysem jiho\u010desk\u00fdch obc\u00ed. Tento stavebn\u00ed sloh vych\u00e1z\u00ed z klasicistn\u00ed a barokn\u00ed architektury a je naprosto sv\u00e9bytn\u00fd. Objevuje se v obdob\u00ed, kdy baroko u\u017e bylo minulost\u00ed. Nejstar\u0161\u00ed pam\u00e1tky selsk\u00e9ho baroka poch\u00e1zej\u00ed z 20. let 16. stolet\u00ed, vrchol byl asi v 60. letech. M\u00edstn\u00ed \u010d\u00e1st Neuslu\u017eice le\u017e\u00ed asi 1 km na sever od Litochovic. Prvn\u00ed p\u00edsemn\u00e1 zm\u00ednka poch\u00e1z\u00ed z roku 1315. Dal\u0161\u00ed m\u00edstn\u00ed \u010d\u00e1st St\u0159\u00edte\u017e le\u017e\u00ed asi 2,5 km na severov\u00fdchod od Litochovic, prvn\u00ed p\u00edsemn\u00e1 zm\u00ednka je rovn\u011b\u017e z roku 1315. Obec Litochovice po\u0159\u00e1d\u00e1 akce, jako jsou masopust, d\u011btsk\u00fd den, ma\u0161karn\u00ed \u010di plesy.<\/p>\n<p><strong>Pov\u011bst a historick\u00e9 \u00fadaje:<\/strong><\/p>\n<p>M\u00edstn\u00ed zpov\u011b\u010f vypr\u00e1v\u00ed o kn\u011b\u017en\u011b, jej\u00ed jm\u00e9no v\u0161ak neuv\u00e1d\u00ed, kter\u00e1 cestovala na\u0161\u00edm krajem a zastihl ji velk\u00fd ne\u010das a siln\u00e1 bou\u0159e. Hledala, kde by se svou dru\u017einou schovala. Objevila n\u011bkolik staven\u00ed. Zabouchala na n\u011bkolik dve\u0159\u00ed, ale nikdo ji neotev\u0159el. Nebylo divu. V t\u011bch dob\u00e1ch b\u00fdvalo v kraji spousta lapk\u016f a hrdlo\u0159ez\u016f. Nezbylo kn\u011b\u017en\u011b nic jin\u00e9ho, ne\u017e pokra\u010dovat v cest\u011b d\u00e1l. Zanedlouho dorazila k dal\u0161\u00edmu staven\u00edm. Zde se na ni usm\u00e1lo \u0161t\u011bst\u00ed. V prvn\u00edm staven\u00ed ji r\u00e1di p\u0159iv\u00edtali dob\u0159\u00ed lid\u00e9 a poskytli nocleh ji i cel\u00e9 dru\u017ein\u011b. Byli k n\u00ed velmi mil\u00ed a uctiv\u00ed a lichotili j\u00ed a tak se t\u00e9to osad\u011b uprost\u0159ed les\u016f za\u010dalo \u0159\u00edkat Lichotovice a pozd\u011bji Litochovice. Zato m\u00edsto, kde se p\u0159ed kn\u011b\u017enou neotev\u0159eli ani jedny dve\u0159e, se dodnes \u0159\u00edk\u00e1 Neuslu\u017eice a jsou od Litochovic vzd\u00e1len\u00e9 asi 600 metr\u016f. Tolik uv\u00e1d\u00ed pov\u011bst. Opravdu historicky otev\u0159en\u00e9 materi\u00e1ly se o Litochovic\u00edch zmi\u0148uj\u00ed v 7 stolet\u00ed na\u0161eho letopo\u010dtu, kdy bylo prok\u00e1z\u00e1no. Os\u00eddlen\u00ed Germ\u00e1nsk\u00fdmi kmeny. Od 8 stolet\u00ed na\u0161eho letopo\u010dtu proch\u00e1zely n\u00e1lezy Slovansk\u00e9 os\u00eddlen\u00ed. V rann\u00e9m st\u0159edov\u011bku n\u00e1le\u017eeli Litochovice k Voly\u0148sk\u00e9 \u017eup\u011b. P\u0159emyslovsk\u00fd kr\u00e1l Vratislav (1061-1092) p\u0159edal \u010d\u00e1st t\u00e9to \u017eupy Pra\u017esk\u00e9mu probo\u017estv\u00ed. Pra\u017esk\u00e9mu probo\u0159enstv\u00ed pak n\u00e1le\u017eela Voly\u0148e a dal\u0161\u00ed dvacet vesnic v\u010detn\u011b Litochovic. Tento tvrz je nejstar\u0161\u00edm objektem pra\u017esk\u00e9ho arcibizkubstv\u00ed. Velmi t\u011b\u017ebou zkou\u0161kou pro vesni\u010dku bylo 30 l\u00e9ta v\u00e1lka. Krajem proj\u00ed\u017ed\u011bli bandy ozbrojenc\u016f, kter\u00e9 zbi\u010dovaly venkovsk\u00fd lid. Z pluk\u016f na poli.Odv\u00e1d\u011bli ovce, husy a i jin\u00e9 hospod\u00e1\u0159sk\u00e9 zv\u00ed\u0159ectvo. R. 1642 byli Litochovice vyp\u00e1leni kamenn\u00e1 tvrza. Ta pozd\u011bji slou\u017eila jako \u0161kola. \u010casem se vyu\u010dov\u00e1n\u00ed p\u0159esunulo do nov\u00e9 \u0161koly v Neuslu\u017eic\u00edch, kam doch\u00e1zely Litochovick\u00e9 d\u011bti a\u017e do roku 1966 byla zde otev\u0159ena prvn\u00ed a\u017e p\u00e1t\u00e1 t\u0159\u00edda. Posledn\u00edm u\u010ditelem i panem \u0159editelem byl pan Kadan\u011b z Voly\u0148e. Prvn\u00ed sv\u011btov\u00e1 v\u00e1lka st\u00e1la. Litochovice 4 podle, kter\u00fdm byl postaven mal\u00fd pomn\u00edk. Na konci 30 let 19 stolet\u00ed byly Litochovice pln\u011b elektrifikov\u00e1ni. V roce 1945 byly Litochovice osvobozeny Americkou arm\u00e1dou. Cesta z Voly\u0148e byla postavena 50 letech, ale byla pra\u0161n\u00e1.<\/p>\n","protected":false},"excerpt":{"rendered":"<p>O obci Obec Litochovice se nach\u00e1z\u00ed v okrese Strakonice, zhruba 4 km v\u00fdchodn\u011b od Volyn\u011b a 12 km jihov\u00fdchodn\u011b od Strakonic.\u00a0 Nadmo\u0159sk\u00e1 v\u00fd\u0161ka obce je 458 m a \u017eije zde asi 286 obyvatel. V katastru obce le\u017e\u00ed Litochovick\u00fd rybn\u00edk a <a class=\"more-link\" href=\"https:\/\/www.litochovice.cz\/index.php\/o-obci\/\">Cel\u00fd \u010dl\u00e1nek  <span class=\"screen-reader-text\">  O obci<\/span><span class=\"meta-nav\">&rarr;<\/span><\/a><\/p>\n","protected":false},"author":2,"featured_media":0,"parent":0,"menu_order":0,"comment_status":"closed","ping_status":"closed","template":"","meta":{"footnotes":""},"class_list":["post-1193","page","type-page","status-publish","hentry"],"_links":{"self":[{"href":"https:\/\/www.litochovice.cz\/index.php\/wp-json\/wp\/v2\/pages\/1193","targetHints":{"allow":["GET"]}}],"collection":[{"href":"https:\/\/www.litochovice.cz\/index.php\/wp-json\/wp\/v2\/pages"}],"about":[{"href":"https:\/\/www.litochovice.cz\/index.php\/wp-json\/wp\/v2\/types\/page"}],"author":[{"embeddable":true,"href":"https:\/\/www.litochovice.cz\/index.php\/wp-json\/wp\/v2\/users\/2"}],"replies":[{"embeddable":true,"href":"https:\/\/www.litochovice.cz\/index.php\/wp-json\/wp\/v2\/comments?post=1193"}],"version-history":[{"count":4,"href":"https:\/\/www.litochovice.cz\/index.php\/wp-json\/wp\/v2\/pages\/1193\/revisions"}],"predecessor-version":[{"id":1199,"href":"https:\/\/www.litochovice.cz\/index.php\/wp-json\/wp\/v2\/pages\/1193\/revisions\/1199"}],"wp:attachment":[{"href":"https:\/\/www.litochovice.cz\/index.php\/wp-json\/wp\/v2\/media?parent=1193"}],"curies":[{"name":"wp","href":"https:\/\/api.w.org\/{rel}","templated":true}]}}