{"id":1228,"date":"2022-05-04T15:18:59","date_gmt":"2022-05-04T13:18:59","guid":{"rendered":"https:\/\/www.litochovice.cz\/?page_id=1228"},"modified":"2025-03-07T18:06:24","modified_gmt":"2025-03-07T17:06:24","slug":"uzemne-planovaci-dokumentace","status":"publish","type":"page","link":"https:\/\/www.litochovice.cz\/index.php\/uzemne-planovaci-dokumentace\/","title":{"rendered":"\u00dazemn\u011b pl\u00e1novac\u00ed dokumentace"},"content":{"rendered":"<h2 class=\"page-header field-name-title\">\u00dazemn\u011b pl\u00e1novac\u00ed dokumentace<\/h2>\n<h2><strong>\u00dazemn\u00ed pl\u00e1n Litochovice<\/strong><\/h2>\n<ul>\n<li>\u00fazemn\u011b pl\u00e1novac\u00ed dokumentace schv\u00e1len\u00e1 dle z\u00e1kona \u010d.183\/2006 Sb., o \u00fazemn\u00edm pl\u00e1nov\u00e1n\u00ed a stavebn\u00edm \u0159\u00e1du, v platn\u00e9m zn\u011bn\u00ed<\/li>\n<li>\u00fazemn\u00ed pl\u00e1n Litochovice vydalo zastupitelstvo obce dne 5.10.2010 (vyv\u011b\u0161eno: 9.11.2010)<\/li>\n<li>\u00fazemn\u00ed pl\u00e1n je k dispozici na Obecn\u00edm \u00fa\u0159ad\u011b v Litochovic\u00edch, na M\u011bstsk\u00e9m \u00fa\u0159ad\u011b Strakonice, odboru rozvoje &#8211; \u00fa\u0159ad \u00fazemn\u00edho pl\u00e1nov\u00e1n\u00ed a na Krajsk\u00e9m \u00fa\u0159ad\u011b \u2013 Jiho\u010desk\u00fd kraj, odbor region\u00e1ln\u00edho rozvoje, \u00fazemn\u00edho pl\u00e1nov\u00e1n\u00ed, stavebn\u00edho \u0159\u00e1du a investic<\/li>\n<li>odkaz na registra\u010dn\u00ed list: <a href=\"http:\/\/www.uur.cz\/iLAS\/ilas_tiskRL07.asp?RC_UPD=62821596\" target=\"_blank\" rel=\"noopener noreferrer\" data-extlink=\"\">http:\/\/www.uur.cz\/iLAS\/ilas_tiskRL07.asp?RC_UPD=62821596<span class=\"ext\"><span class=\"element-invisible\">(odkaz je extern\u00ed)<\/span><\/span><\/a><\/li>\n<\/ul>\n<p><span class=\"file\"><a title=\"lio_text_up_0.pdf\" href=\"https:\/\/www.strakonice.eu\/sites\/default\/files\/upd\/litochovice\/lio_text_up_0.pdf\" type=\"application\/pdf; length=176193\">Textov\u00e1 \u010d\u00e1st<\/a><\/span><\/p>\n<p><span class=\"file\"><a title=\"lio_vzca_up.pdf\" href=\"https:\/\/www.strakonice.eu\/sites\/default\/files\/upd\/litochovice\/lio_vzca_up.pdf\" type=\"application\/pdf; length=327004\">V\u00fdkres z\u00e1kladn\u00edho \u010dlen\u011bn\u00ed \u00fazem\u00ed &#8211; St\u0159\u00edte\u017e<\/a><\/span><\/p>\n<p><span class=\"file\"><a title=\"lio_vzcb_up.pdf\" href=\"https:\/\/www.strakonice.eu\/sites\/default\/files\/upd\/litochovice\/lio_vzcb_up.pdf\" type=\"application\/pdf; length=507024\">V\u00fdkres z\u00e1kladn\u00edho \u010dlen\u011bn\u00ed \u00fazem\u00ed &#8211; Litochovice, Neuslu\u017eice<\/a><\/span><\/p>\n<p><span class=\"file\"><a title=\"lio_hva_up.pdf\" href=\"https:\/\/www.strakonice.eu\/sites\/default\/files\/upd\/litochovice\/lio_hva_up.pdf\" type=\"application\/pdf; length=2949247\">Hlavn\u00ed v\u00fdkres &#8211; St\u0159\u00edte\u017e<\/a><\/span><\/p>\n<p><span class=\"file\"><a title=\"lio_hvb_up.pdf\" href=\"https:\/\/www.strakonice.eu\/sites\/default\/files\/upd\/litochovice\/lio_hvb_up.pdf\" type=\"application\/pdf; length=5982802\">Hlavn\u00ed v\u00fdkres &#8211; Litochovice, Neuslu\u017eice<\/a><\/span><\/p>\n<p><span class=\"file\"><a title=\"lio_vpsa_up.pdf\" href=\"https:\/\/www.strakonice.eu\/sites\/default\/files\/upd\/litochovice\/lio_vpsa_up.pdf\" type=\"application\/pdf; length=383511\">V\u00fdkres ve\u0159ejn\u011b prosp\u011b\u0161n\u00fdch staveb, opat\u0159en\u00ed a asanac\u00ed &#8211; St\u0159\u00edte\u017e<\/a><\/span><\/p>\n<p><span class=\"file\"><a title=\"lio_vpsb_up.pdf\" href=\"https:\/\/www.strakonice.eu\/sites\/default\/files\/upd\/litochovice\/lio_vpsb_up.pdf\" type=\"application\/pdf; length=547356\">V\u00fdkres ve\u0159ejn\u011b prosp\u011b\u0161n\u00fdch staveb, opat\u0159en\u00ed a asanac\u00ed &#8211; Litochovice, Neuslu\u017eice<\/a><\/span><\/p>\n<p><span class=\"file\"><a title=\"lio_kva_up.pdf\" href=\"https:\/\/www.strakonice.eu\/sites\/default\/files\/upd\/litochovice\/lio_kva_up.pdf\" type=\"application\/pdf; length=3017372\">Koordina\u010dn\u00ed v\u00fdkres &#8211; St\u0159\u00edte\u017e<\/a><\/span><\/p>\n<p><a title=\"lio_kvb_up.pdf\" href=\"https:\/\/www.strakonice.eu\/sites\/default\/files\/upd\/litochovice\/lio_kvb_up.pdf\" type=\"application\/pdf; length=6127829\">Koordina\u010dn\u00ed v\u00fdkres &#8211; Litochovice, Neuslu\u017eice<\/a><\/p>\n<p><a title=\"lio_zpfa_up.pdf\" href=\"https:\/\/www.strakonice.eu\/sites\/default\/files\/upd\/litochovice\/lio_zpfa_up.pdf\" type=\"application\/pdf; length=449611\">V\u00fdkres p\u0159edpokl\u00e1dan\u00fdch z\u00e1bor\u016f ZPF &#8211; St\u0159\u00edte\u017e<\/a><\/p>\n<p><a title=\"lio_zpfb_up.pdf\" href=\"https:\/\/www.strakonice.eu\/sites\/default\/files\/upd\/litochovice\/lio_zpfb_up.pdf\" type=\"application\/pdf; length=660290\">V\u00fdkres p\u0159edpokl\u00e1dan\u00fdch z\u00e1bor\u016f ZPF &#8211; Litochovice, Neuslu\u017eice<\/a><\/p>\n<p><a title=\"lio_sv_up.pdf\" href=\"https:\/\/www.strakonice.eu\/sites\/default\/files\/upd\/litochovice\/lio_sv_up.pdf\" type=\"application\/pdf; length=1734959\">V\u00fdkres \u0161ir\u0161\u00edch vztah\u016f<\/a><\/p>\n<h2>\u00dazemn\u00ed pl\u00e1n Zm\u011bna \u010d. 1<\/h2>\n<div class=\"field field-name-field-upd-prubeh-druh field-type-text field-label-inline clearfix\">\n<div class=\"field-label\">Druh \u00daPD(\u00daPP):<\/div>\n<div class=\"field-items\">\n<div class=\"field-item even\">\u00daPD<\/div>\n<\/div>\n<\/div>\n<div class=\"field field-name-field-upd-prubeh-stav field-type-text field-label-inline clearfix\">\n<div class=\"field-label\">Stav \u00daPD(\u00daPP):<\/div>\n<div class=\"field-items\">\n<div class=\"field-item even\">Vyd\u00e1no<\/div>\n<\/div>\n<\/div>\n<div class=\"field field-name-field-upd-prubeh-ucinnost field-type-datetime field-label-inline clearfix\">\n<div class=\"field-label\">Datum nabyt\u00ed \u00fa\u010dinnosti:<\/div>\n<div class=\"field-items\">\n<div class=\"field-item even\"><span class=\"date-display-single\">28.\u0158\u00edjen 2017<\/span><\/div>\n<\/div>\n<\/div>\n<div class=\"field field-name-body field-type-text-with-summary field-label-hidden\">\n<div class=\"field-items\">\n<div class=\"field-item even\">\n<ul>\n<li>\u00fazemn\u011b pl\u00e1novac\u00ed dokumentace schv\u00e1len\u00e1 dle z\u00e1kona \u010d.183\/2006 Sb., o \u00fazemn\u00edm pl\u00e1nov\u00e1n\u00ed a stavebn\u00edm \u0159\u00e1du,\u00a0 v platn\u00e9m zn\u011bn\u00ed<\/li>\n<li>\u00fazemn\u00ed pl\u00e1n je k dispozici na Obecn\u00edm \u00fa\u0159ad\u011b v Litochovic\u00edch, na M\u011bstsk\u00e9m \u00fa\u0159ad\u011b Strakonice, odboru rozvoje &#8211; \u00fa\u0159ad \u00fazemn\u00edho pl\u00e1nov\u00e1n\u00ed a na Krajsk\u00e9m \u00fa\u0159ad\u011b \u2013 Jiho\u010desk\u00fd kraj, odbor region\u00e1ln\u00edho rozvoje, \u00fazemn\u00edho pl\u00e1nov\u00e1n\u00ed, stavebn\u00edho \u0159\u00e1du a investic<\/li>\n<li>odkaz na registra\u010dn\u00ed list: <a href=\"http:\/\/www.uur.cz\/iLAS\/ilas_tiskRLZmeny2013.asp?RC_UPD=62821596&amp;RC_ZMENY=2\" target=\"_blank\" rel=\"noopener noreferrer\" data-extlink=\"\">http:\/\/www.uur.cz\/iLAS\/ilas_tiskRLZmeny2013.asp?RC_UPD=62821596&amp;RC_ZMENY=2<span class=\"ext\"><span class=\"element-invisible\">(odkaz je extern\u00ed)<\/span><\/span><\/a><\/li>\n<\/ul>\n<p><span class=\"file\"><a title=\"litoch.zm_.1_text_oop.pdf\" href=\"https:\/\/www.strakonice.eu\/sites\/default\/files\/upd\/litochovice\/litoch.zm_.1_text_oop.pdf\" type=\"application\/pdf; length=1356000\">Textov\u00e1 \u010d\u00e1st <\/a><\/span><\/p>\n<p><span class=\"file\"><a title=\"v.1.litoch_zc_vyd.pdf\" href=\"https:\/\/www.strakonice.eu\/sites\/default\/files\/upd\/litochovice\/v.1.litoch_zc_vyd.pdf\" type=\"application\/pdf; length=2506732\">V\u00fdkres z\u00e1kladn\u00edho \u010dlen\u011bn\u00ed \u00fazem\u00ed <\/a><\/span><\/p>\n<p><span class=\"file\"><a title=\"v.2.litoch_hv_vyd.pdf\" href=\"https:\/\/www.strakonice.eu\/sites\/default\/files\/upd\/litochovice\/v.2.litoch_hv_vyd.pdf\" type=\"application\/pdf; length=2579645\">Hlavn\u00ed v\u00fdkres<\/a><\/span><\/p>\n<\/div>\n<p><span class=\"file\"><a title=\"v.3.litoch_vps.vydani.pdf\" href=\"https:\/\/www.strakonice.eu\/sites\/default\/files\/upd\/litochovice\/v.3.litoch_vps.vydani.pdf\" type=\"application\/pdf; length=6465210\">V\u00fdkres ve\u0159ejn\u011b prosp\u011b\u0161n\u00fdch staveb, opat\u0159en\u00ed a asanac\u00ed<\/a><\/span><\/p>\n<div class=\"field-item even\">\n<p><span class=\"file\"><a title=\"o.1.llitoch_koo_vyd.pdf\" href=\"https:\/\/www.strakonice.eu\/sites\/default\/files\/upd\/litochovice\/o.1.llitoch_koo_vyd.pdf\" type=\"application\/pdf; length=2813395\">Koordina\u010dn\u00ed v\u00fdkres<\/a><\/span><\/p>\n<\/div>\n<\/div>\n<p><span class=\"file\"><a title=\"o.2.1.litoch_sv.pdf\" href=\"https:\/\/www.strakonice.eu\/sites\/default\/files\/upd\/litochovice\/o.2.1.litoch_sv.pdf\" type=\"application\/pdf; length=675219\">V\u00fdkres \u0161ir\u0161\u00edch vztah\u016f<\/a><\/span><\/p>\n<div class=\"field-items\">\n<div class=\"field-item even\">\n<p><span class=\"file\"><a title=\"o.2.2.itoch_koo.sv_vyd.pdf\" href=\"https:\/\/www.strakonice.eu\/sites\/default\/files\/upd\/litochovice\/o.2.2.itoch_koo.sv_vyd.pdf\" type=\"application\/pdf; length=1616460\">Koordina\u010dn\u00ed v\u00fdkres &#8211; \u0161ir\u0161\u00ed vztahy<\/a><\/span><\/p>\n<p><span class=\"file\"><a title=\"o.3.litoch_zpf_vyd.pdf\" href=\"https:\/\/www.strakonice.eu\/sites\/default\/files\/upd\/litochovice\/o.3.litoch_zpf_vyd.pdf\" type=\"application\/pdf; length=6658491\">V\u00fdkres p\u0159edpokl\u00e1dan\u00fdch z\u00e1bor\u016f ZPF<\/a><\/span><\/p>\n<h2>\u00dazemn\u00ed pl\u00e1n Zm\u011bna \u010d. 2<\/h2>\n<p><a href=\"https:\/\/www.litochovice.cz\/wp-content\/uploads\/2024\/11\/rozpiska-zm2-Litochovice.pdf\">rozpiska zm2 Litochovice<\/a><\/p>\n<p><a href=\"https:\/\/www.litochovice.cz\/wp-content\/uploads\/2024\/11\/zm2-551341_oduvodneni.pdf\">zm2-551341_oduvodneni<\/a><\/p>\n<p><a href=\"https:\/\/www.litochovice.cz\/wp-content\/uploads\/2024\/11\/zm2-551341_text.pdf\">zm2-551341_text<\/a><\/p>\n<p><a href=\"https:\/\/www.litochovice.cz\/wp-content\/uploads\/2024\/11\/zm2-2551341_II.2_SV.pdf\">zm2-2551341_II.2_SV<\/a><\/p>\n<p><a href=\"https:\/\/www.litochovice.cz\/wp-content\/uploads\/2024\/11\/zm2-551341_II.1_KOV_B.pdf\">zm2-551341_II.1_KOV_B<\/a><\/p>\n<p><a href=\"https:\/\/www.litochovice.cz\/wp-content\/uploads\/2024\/11\/zm2-551341_II.1_KOV_A.pdf\">zm2-551341_II.1_KOV_A<\/a><\/p>\n<p><a href=\"https:\/\/www.litochovice.cz\/wp-content\/uploads\/2024\/11\/zm2-551341_I.3_VPS_B.pdf\">zm2-551341_I.3_VPS_B<\/a><\/p>\n<p><a href=\"https:\/\/www.litochovice.cz\/wp-content\/uploads\/2024\/11\/zm2-551341_I.3_VPS_A.pdf\">zm2-551341_I.3_VPS_A<\/a><\/p>\n<p><a href=\"https:\/\/www.litochovice.cz\/wp-content\/uploads\/2024\/11\/zm2-551341_I.2_HLV_B.pdf\">zm2-551341_I.2_HLV_B<\/a><\/p>\n<p><a href=\"https:\/\/www.litochovice.cz\/wp-content\/uploads\/2024\/11\/zm2-551341_I.2_HLV_A.pdf\">zm2-551341_I.2_HLV_A<\/a><\/p>\n<p><a href=\"https:\/\/www.litochovice.cz\/wp-content\/uploads\/2024\/11\/zm2-551341_I.1_ZCU_A.pdf\">zm2-551341_I.1_ZCU_A<\/a><\/p>\n<p><a href=\"https:\/\/www.litochovice.cz\/wp-content\/uploads\/2024\/11\/zm2-551341_I.1_ZCU_B.pdf\">zm2-551341_I.1_ZCU_B<\/a><\/p>\n<h2>\u00dapln\u00e9 zn\u011bn\u00ed po zm\u011bn\u011b \u010d.2<\/h2>\n<p><a href=\"https:\/\/www.litochovice.cz\/wp-content\/uploads\/2024\/11\/rozpiska-a-obsah-zm2-Litochovice-uplne-zneni-po-zm2.pdf\">rozpiska a obsah zm2 Litochovice-\u00fapln\u00e9 zn\u011bn\u00ed po zm2<\/a><\/p>\n<p><a href=\"https:\/\/www.litochovice.cz\/wp-content\/uploads\/2024\/11\/UZ-po-zm2-551341_text.pdf\">\u00daZ po zm2-551341_text<\/a><\/p>\n<p><a href=\"https:\/\/www.litochovice.cz\/wp-content\/uploads\/2024\/11\/UZ-po-zm2-551341_I.1_ZCU_A.pdf\">\u00daZ po zm2-551341_I.1_ZCU_A<\/a><\/p>\n<p><a href=\"https:\/\/www.litochovice.cz\/wp-content\/uploads\/2024\/11\/UZ-po-zm2-551341_I.1_ZCU_B.pdf\">\u00daZ po zm2-551341_I.1_ZCU_B<\/a><\/p>\n<p><a href=\"https:\/\/www.litochovice.cz\/wp-content\/uploads\/2024\/11\/UZ-po-zm2-551341_I.2_HLV_A.pdf\">\u00daZ po zm2-551341_I.2_HLV_A<\/a><\/p>\n<p><a href=\"https:\/\/www.litochovice.cz\/wp-content\/uploads\/2024\/11\/UZ-po-zm2-551341_I.2_HLV_B.pdf\">\u00daZ po zm2-551341_I.2_HLV_B<\/a><\/p>\n<p><a href=\"https:\/\/www.litochovice.cz\/wp-content\/uploads\/2024\/11\/UZ-po-zm2-551341_I.3_VPS_A.pdf\">\u00daZ po zm2-551341_I.3_VPS_A<\/a><\/p>\n<p><a href=\"https:\/\/www.litochovice.cz\/wp-content\/uploads\/2024\/11\/UZ-po-zm2-551341_I.3_VPS_B.pdf\">\u00daZ po zm2-551341_I.3_VPS_B<\/a><\/p>\n<p><a href=\"https:\/\/www.litochovice.cz\/wp-content\/uploads\/2024\/11\/UZ-po-zm2-551341_II.1_KOV_A.pdf\">\u00daZ po zm2-551341_II.1_KOV_A<\/a><\/p>\n<\/div>\n<\/div>\n<\/div>\n\n<h2>N\u00e1vrh zpr\u00e1vy o uplat\u0148ov\u00e1n\u00ed \u00dazemn\u00edho pl\u00e1nu Litochovice za obdob\u00ed 2010-2025<\/h2>\n<p><a href=\"https:\/\/www.litochovice.cz\/wp-content\/uploads\/2025\/03\/Navrh-zpravy-o-uplatnovani-Uzemniho-planu-Litochovice.pdf\">N\u00e1vrh zpr\u00e1vy o uplat\u0148ov\u00e1n\u00ed \u00dazemn\u00edho pl\u00e1nu Litochovice<\/a><\/p>\n\n\n<p><\/p>\n","protected":false},"excerpt":{"rendered":"<p>\u00dazemn\u011b pl\u00e1novac\u00ed dokumentace \u00dazemn\u00ed pl\u00e1n Litochovice \u00fazemn\u011b pl\u00e1novac\u00ed dokumentace schv\u00e1len\u00e1 dle z\u00e1kona \u010d.183\/2006 Sb., o \u00fazemn\u00edm pl\u00e1nov\u00e1n\u00ed a stavebn\u00edm \u0159\u00e1du, v platn\u00e9m zn\u011bn\u00ed \u00fazemn\u00ed pl\u00e1n Litochovice vydalo zastupitelstvo obce dne 5.10.2010 (vyv\u011b\u0161eno: 9.11.2010) \u00fazemn\u00ed pl\u00e1n je k dispozici na Obecn\u00edm <a class=\"more-link\" href=\"https:\/\/www.litochovice.cz\/index.php\/uzemne-planovaci-dokumentace\/\">Cel\u00fd \u010dl\u00e1nek  <span class=\"screen-reader-text\">  \u00dazemn\u011b pl\u00e1novac\u00ed dokumentace<\/span><span class=\"meta-nav\">&rarr;<\/span><\/a><\/p>\n","protected":false},"author":2,"featured_media":0,"parent":0,"menu_order":0,"comment_status":"closed","ping_status":"closed","template":"","meta":{"footnotes":""},"class_list":["post-1228","page","type-page","status-publish","hentry"],"_links":{"self":[{"href":"https:\/\/www.litochovice.cz\/index.php\/wp-json\/wp\/v2\/pages\/1228","targetHints":{"allow":["GET"]}}],"collection":[{"href":"https:\/\/www.litochovice.cz\/index.php\/wp-json\/wp\/v2\/pages"}],"about":[{"href":"https:\/\/www.litochovice.cz\/index.php\/wp-json\/wp\/v2\/types\/page"}],"author":[{"embeddable":true,"href":"https:\/\/www.litochovice.cz\/index.php\/wp-json\/wp\/v2\/users\/2"}],"replies":[{"embeddable":true,"href":"https:\/\/www.litochovice.cz\/index.php\/wp-json\/wp\/v2\/comments?post=1228"}],"version-history":[{"count":7,"href":"https:\/\/www.litochovice.cz\/index.php\/wp-json\/wp\/v2\/pages\/1228\/revisions"}],"predecessor-version":[{"id":2115,"href":"https:\/\/www.litochovice.cz\/index.php\/wp-json\/wp\/v2\/pages\/1228\/revisions\/2115"}],"wp:attachment":[{"href":"https:\/\/www.litochovice.cz\/index.php\/wp-json\/wp\/v2\/media?parent=1228"}],"curies":[{"name":"wp","href":"https:\/\/api.w.org\/{rel}","templated":true}]}}