{"id":48,"date":"2020-01-05T15:08:03","date_gmt":"2020-01-05T14:08:03","guid":{"rendered":"https:\/\/www.litochovice.cz\/?page_id=48"},"modified":"2022-10-24T10:36:07","modified_gmt":"2022-10-24T08:36:07","slug":"kontakt","status":"publish","type":"page","link":"https:\/\/www.litochovice.cz\/index.php\/kontakt\/","title":{"rendered":"Kontakt"},"content":{"rendered":"\n<div class=\"wp-block-group\"><div class=\"wp-block-group__inner-container is-layout-flow wp-block-group-is-layout-flow\">\n<h1 class=\"wp-block-heading\">Kontakt<\/h1>\n\n\n\n<h3 class=\"wp-block-heading\">Obecn\u00ed \u00fa\u0159ad Litochovice<\/h3>\n\n\n\n<p>&nbsp;&nbsp; Neuslu\u017eice 16<\/p>\n\n\n\n<p>&nbsp;&nbsp; 387 01&nbsp;Volyn\u011b<\/p>\n\n\n\n<h3 class=\"wp-block-heading\">\u00da\u0159edn\u00ed hodiny:<\/h3>\n\n\n\n<p>&nbsp; Pond\u011bl\u00ed&nbsp; dle telefonick\u00e9 dohody<\/p>\n\n\n\n<p>&nbsp; \u00dater\u00fd&nbsp;&nbsp;&nbsp; 8.00 &#8211; 11.30<\/p>\n\n\n\n<p>&nbsp; St\u0159eda&nbsp; dle telefonick\u00e9 dohody<\/p>\n\n\n\n<p>&nbsp; \u010ctvrtek&nbsp; 8.00 \u2013 11.30<\/p>\n\n\n\n<p>&nbsp; P\u00e1tek&nbsp;&nbsp;&nbsp; 17.00 \u2013 18.00<\/p>\n\n\n\n<p>&nbsp; mimo \u00fa\u0159edn\u00ed hodiny na telefonu +420 602 183 903<\/p>\n\n\n\n<h3 class=\"wp-block-heading\">E-mail:<\/h3>\n\n\n\n<p>&nbsp;&nbsp; obeclitochovice@seznam.cz<\/p>\n\n\n\n<h3 class=\"wp-block-heading\">Telefony:<\/h3>\n\n\n\n<p>\u00a0\u00a0 Obec: +420 602 183 903<\/p>\n\n\n\n<h4 class=\"wp-block-heading\">&nbsp;Starostka:<\/h4>\n\n\n\n<p>&nbsp;&nbsp; Bo\u017ekov\u00e1 Radka: +420 602 183 903; +420 603 209 477<\/p>\n\n\n\n<h4 class=\"wp-block-heading\"> M\u00edstostarosta:<\/h4>\n\n\n\n<p>\u00a0\u00a0 Ing. V\u00e1clav \u0160toural: +420 724 182 259<\/p>\n\n\n\n<h4 class=\"wp-block-heading\">&nbsp;Zastupitel\u00e9:<\/h4>\n\n\n\n<p>Hroudov\u00e1 Eva \u00a0<\/p>\n\n\n\n<p>Kopenec Vladim\u00edr \u00a0\u00a0 \u00a0\u00a0\u00a0\u00a0\u00a0\u00a0\u00a0\u00a0\u00a0\u00a0 \u00a0\u00a0\u00a0\u00a0\u00a0\u00a0\u00a0\u00a0\u00a0\u00a0\u00a0\u00a0\u00a0\u00a0\u00a0\u00a0\u00a0\u00a0\u00a0\u00a0\u00a0\u00a0<\/p>\n\n\n\n<p>Ing. Ma\u0159\u00edk Miroslav<\/p>\n\n\n\n<p>Vladim\u00edr Trojan<\/p>\n\n\n\n<p>Zdichynec Franti\u0161ek<\/p>\n<\/div><\/div>\n","protected":false},"excerpt":{"rendered":"<p>Kontakt Obecn\u00ed \u00fa\u0159ad Litochovice &nbsp;&nbsp; Neuslu\u017eice 16 &nbsp;&nbsp; 387 01&nbsp;Volyn\u011b \u00da\u0159edn\u00ed hodiny: &nbsp; Pond\u011bl\u00ed&nbsp; dle telefonick\u00e9 dohody &nbsp; \u00dater\u00fd&nbsp;&nbsp;&nbsp; 8.00 &#8211; 11.30 &nbsp; St\u0159eda&nbsp; dle telefonick\u00e9 dohody &nbsp; \u010ctvrtek&nbsp; 8.00 \u2013 11.30 &nbsp; P\u00e1tek&nbsp;&nbsp;&nbsp; 17.00 \u2013 18.00 &nbsp; mimo \u00fa\u0159edn\u00ed <a class=\"more-link\" href=\"https:\/\/www.litochovice.cz\/index.php\/kontakt\/\">Cel\u00fd \u010dl\u00e1nek  <span class=\"screen-reader-text\">  Kontakt<\/span><span class=\"meta-nav\">&rarr;<\/span><\/a><\/p>\n","protected":false},"author":1,"featured_media":0,"parent":0,"menu_order":0,"comment_status":"closed","ping_status":"closed","template":"","meta":{"footnotes":""},"class_list":["post-48","page","type-page","status-publish","hentry"],"_links":{"self":[{"href":"https:\/\/www.litochovice.cz\/index.php\/wp-json\/wp\/v2\/pages\/48","targetHints":{"allow":["GET"]}}],"collection":[{"href":"https:\/\/www.litochovice.cz\/index.php\/wp-json\/wp\/v2\/pages"}],"about":[{"href":"https:\/\/www.litochovice.cz\/index.php\/wp-json\/wp\/v2\/types\/page"}],"author":[{"embeddable":true,"href":"https:\/\/www.litochovice.cz\/index.php\/wp-json\/wp\/v2\/users\/1"}],"replies":[{"embeddable":true,"href":"https:\/\/www.litochovice.cz\/index.php\/wp-json\/wp\/v2\/comments?post=48"}],"version-history":[{"count":6,"href":"https:\/\/www.litochovice.cz\/index.php\/wp-json\/wp\/v2\/pages\/48\/revisions"}],"predecessor-version":[{"id":1409,"href":"https:\/\/www.litochovice.cz\/index.php\/wp-json\/wp\/v2\/pages\/48\/revisions\/1409"}],"wp:attachment":[{"href":"https:\/\/www.litochovice.cz\/index.php\/wp-json\/wp\/v2\/media?parent=48"}],"curies":[{"name":"wp","href":"https:\/\/api.w.org\/{rel}","templated":true}]}}