{"id":52,"date":"2020-01-05T15:13:36","date_gmt":"2020-01-05T14:13:36","guid":{"rendered":"https:\/\/www.litochovice.cz\/?page_id=52"},"modified":"2020-01-06T12:27:06","modified_gmt":"2020-01-06T11:27:06","slug":"gdpr","status":"publish","type":"page","link":"https:\/\/www.litochovice.cz\/index.php\/gdpr\/","title":{"rendered":"GDPR"},"content":{"rendered":"\n<div class=\"wp-block-group\"><div class=\"wp-block-group__inner-container is-layout-flow wp-block-group-is-layout-flow\">\n<p><strong>Seznam evidenc\u00ed a dokument\u016f<\/strong><\/p>\n\n\n\n<p><strong><a href=\"https:\/\/www.litochovice.cz\/wp-content\/uploads\/2020\/01\/%C4%8Ci%C5%A1t%C4%9Bn%C3%AD-kom%C3%ADn%C5%AF-2019.docx\">Seznam evidenc\u00ed dokument\u016f.docx <\/a><\/strong><\/p>\n<\/div><\/div>\n","protected":false},"excerpt":{"rendered":"<p>Seznam evidenc\u00ed a dokument\u016f Seznam evidenc\u00ed dokument\u016f.docx<\/p>\n","protected":false},"author":1,"featured_media":0,"parent":0,"menu_order":0,"comment_status":"closed","ping_status":"closed","template":"","meta":{"footnotes":""},"class_list":["post-52","page","type-page","status-publish","hentry"],"_links":{"self":[{"href":"https:\/\/www.litochovice.cz\/index.php\/wp-json\/wp\/v2\/pages\/52","targetHints":{"allow":["GET"]}}],"collection":[{"href":"https:\/\/www.litochovice.cz\/index.php\/wp-json\/wp\/v2\/pages"}],"about":[{"href":"https:\/\/www.litochovice.cz\/index.php\/wp-json\/wp\/v2\/types\/page"}],"author":[{"embeddable":true,"href":"https:\/\/www.litochovice.cz\/index.php\/wp-json\/wp\/v2\/users\/1"}],"replies":[{"embeddable":true,"href":"https:\/\/www.litochovice.cz\/index.php\/wp-json\/wp\/v2\/comments?post=52"}],"version-history":[{"count":3,"href":"https:\/\/www.litochovice.cz\/index.php\/wp-json\/wp\/v2\/pages\/52\/revisions"}],"predecessor-version":[{"id":119,"href":"https:\/\/www.litochovice.cz\/index.php\/wp-json\/wp\/v2\/pages\/52\/revisions\/119"}],"wp:attachment":[{"href":"https:\/\/www.litochovice.cz\/index.php\/wp-json\/wp\/v2\/media?parent=52"}],"curies":[{"name":"wp","href":"https:\/\/api.w.org\/{rel}","templated":true}]}}