{"id":62,"date":"2020-01-05T15:26:10","date_gmt":"2020-01-05T14:26:10","guid":{"rendered":"https:\/\/www.litochovice.cz\/?page_id=62"},"modified":"2020-02-04T10:39:20","modified_gmt":"2020-02-04T09:39:20","slug":"pristupnost","status":"publish","type":"page","link":"https:\/\/www.litochovice.cz\/index.php\/pristupnost\/","title":{"rendered":"P\u0159\u00edstupnost"},"content":{"rendered":"\n<div class=\"wp-block-group\"><div class=\"wp-block-group__inner-container is-layout-flow wp-block-group-is-layout-flow\">\n<h3 id=\"accessibility\">Prohl\u00e1\u0161en\u00ed o p\u0159\u00edstupnosti<\/h3>\n<p class=\"bezny\">Obec Litochovice se zavazuje k zp\u0159\u00edstupn\u011bn\u00ed sv\u00e9 webov\u00e9 str\u00e1nky v souladu se z\u00e1konem \u010d. 99\/2019 Sb., o p\u0159\u00edstupnosti internetov\u00fdch str\u00e1nek a mobiln\u00edch aplikac\u00ed a o zm\u011bn\u011b z\u00e1kona \u010d. 365\/2000 Sb., o informa\u010dn\u00edch syst\u00e9mech ve\u0159ejn\u00e9 spr\u00e1vy a o zm\u011bn\u011b n\u011bkter\u00fdch dal\u0161\u00edch z\u00e1kon\u016f, ve zn\u011bn\u00ed pozd\u011bj\u0161\u00edch p\u0159edpis\u016f, kter\u00fd prov\u00e1d\u00ed Sm\u011brnici Evropsk\u00e9ho parlamentu a Rady (EU) 2016\/2102 ze dne 26. \u0159\u00edjna 2016 o p\u0159\u00edstupnosti webov\u00fdch str\u00e1nek a mobiln\u00edch aplikac\u00ed.<\/p>\n<p class=\"bezny\">Toto prohl\u00e1\u0161en\u00ed o p\u0159\u00edstupnosti se vztahuje na tyto webov\u00e9 str\u00e1nky (<a href=\"https:\/\/www.litochovice.cz\">https:\/\/www.litochovice.cz\/<\/a>)<\/p>\n<h4>Stav souladu<\/h4>\n<p class=\"bezny\">Tato webov\u00e1 str\u00e1nka je v souladu s EN 301 549 V2 1.2 a standardem WCAG 2.1.<\/p>\n<h5>Dal\u0161\u00ed form\u00e1ty<\/h5>\n<p class=\"bezny\">Na internetov\u00fdch str\u00e1nk\u00e1ch jsou informace nab\u00edzeny i v podob\u011b dokument\u016f form\u00e1tu DOC, DOCX, XLS, XLSX a PDF, a to zejm\u00e9na z d\u016fvod\u016f, \u017ee obsahuj\u00ed typografick\u00e9 prvky a form\u00e1tov\u00e1n\u00ed, kter\u00e9 webov\u00fd form\u00e1t HTML nepodporuje, nebo jsou p\u0159\u00edli\u0161 velk\u00e9, proto pak doporu\u010dujeme jejich sta\u017een\u00ed. Form\u00e1ty DOC a PDF jsou tak\u00e9 vhodn\u011bj\u0161\u00ed pro tisk. K prohl\u00ed\u017een\u00ed t\u011bchto dokument\u016f je mo\u017en\u00e9 zdarma st\u00e1hnout Word Viewer a Acrobat Reader. V n\u011bkter\u00fdch webov\u00fdch prohl\u00ed\u017ee\u010d\u00edch je integrov\u00e1na aplikace, je\u017e slou\u017e\u00ed k prohl\u00ed\u017een\u00ed v\u00fd\u0161e uveden\u00fdch form\u00e1t\u016f dokument\u016f.<\/p>\n<h4>Vypracov\u00e1n\u00ed tohoto prohl\u00e1\u0161en\u00ed o p\u0159\u00edstupnosti<\/h4>\n<p class=\"bezny\">Toto prohl\u00e1\u0161en\u00ed bylo vypracov\u00e1no dne 1.1.2020. Prohl\u00e1\u0161en\u00ed bylo revidov\u00e1no dne 1.1.2020.<\/p>\n<p class=\"bezny\">Toto prohl\u00e1\u0161en\u00ed bylo vypracov\u00e1no dle metodick\u00e9ho pokynu MV\u010cR k tomuto z\u00e1konu.<\/p>\n<h4>Zp\u011btn\u00e1 vazba a kontaktn\u00ed \u00fadaje<\/h4>\n<p class=\"bezny\">Zp\u011btnou vazbu ohledn\u011b p\u0159\u00edstupnosti webov\u00fdch str\u00e1nek a informac\u00ed na nich uveden\u00fdch sm\u011brujte na n\u00ed\u017ee uveden\u00e9 kontakty.<\/p>\n<h5>Kontakt na spr\u00e1vce obsahu<\/h5>\n<p><strong>Obecn\u00ed \u00fa\u0159ad Litochovice<\/strong><br \/>Neuslu\u017eice 16<br \/>387 01 Volyn\u011b<br \/>+420 380 426 166<br \/><a href=\"mailto:obeclitochovice@seznam.cz\">obeclitochovice@seznam.cz<\/a><\/p>\n<h5>Kontakt na technick\u00e9ho provozovatele<\/h5>\n<p class=\"bezny\"><strong>NTS Computer, a.s.<\/strong><br \/>Bezd\u011bkovsk\u00e1 30<br \/>386 01 Strakonice<br \/>+420 383 323 511<br \/><a href=\"mailto:info@nts.cz\">info@nts.cz<\/a><\/p>\n<h4>Postupy pro prosazov\u00e1n\u00ed pr\u00e1va<\/h4>\n<p class=\"bezny\">V p\u0159\u00edpad\u011b neuspokojiv\u00e9 odpov\u011bdi na ozn\u00e1men\u00ed nebo \u017e\u00e1dost zaslanou v souladu se sm\u011brnic\u00ed Evropsk\u00e9ho parlamentu a Rady (EU) 2016\/2102 kontaktujte:<br \/><strong>Ministerstvo vnitra<\/strong><br \/>odbor eGovernmentu<br \/>n\u00e1m\u011bst\u00ed Hrdin\u016f 1634\/3<br \/>140 21 Praha 4<br \/><a href=\"mailto:pristupnost@mvcr.cz\">pristupnost@mvcr.cz<\/a><\/p>\n<h3>Seznam web\u016f a aplikac\u00ed<\/h3>\n<div class=\"editor\"><a title=\"\" href=\"https:\/\/www.litochovice.cz\/\">litochovice.cz<\/a>\n<div class=\"sf\">\u00a0<\/div>\n<\/div>\n<hr class=\"cist\" \/>\n<h3 id=\"zou\">Zpracov\u00e1n\u00ed osobn\u00edch \u00fadaj\u016f<\/h3>\n<p class=\"bezny\">Pro \u00fasp\u011b\u0161n\u00e9 vyu\u017e\u00edv\u00e1n\u00ed slu\u017eeb, kter\u00e9 tato webov\u00e1 str\u00e1nka nab\u00edz\u00ed, v n\u011bkter\u00fdch p\u0159\u00edpadech pot\u0159ebujeme zpracov\u00e1vat osobn\u00ed \u00fadaje u\u017eivatel\u016f.<\/p>\n<p class=\"bezny\">Toto zpracov\u00e1v\u00e1n\u00ed podl\u00e9h\u00e1 na\u0159\u00edzen\u00ed Evropsk\u00e9ho parlamentu a Rady 2016\/679 ze dne 27. dubna 2016 o ochran\u011b fyzick\u00fdch osob v souvislosti se zpracov\u00e1n\u00edm osobn\u00edch \u00fadaj\u016f a o voln\u00e9m pohybu t\u011bchto \u00fadaj\u016f a o zru\u0161en\u00ed sm\u011brnice 95\/46\/ES (obecn\u00e9 na\u0159\u00edzen\u00ed o ochran\u011b osobn\u00edch \u00fadaj\u016f). Zn\u00e1m\u00e9 tak\u00e9 jako &#8222;GDPR&#8220;.<\/p>\n<h4>Slu\u017eby vyu\u017e\u00edvaj\u00edc\u00ed osobn\u00ed \u00fadaje<\/h4>\n<p class=\"bezny\">Uveden\u00e9 osobn\u00ed \u00fadaje zpracov\u00e1v\u00e1me pouze pro \u00fa\u010dely n\u00ed\u017ee popsan\u00e9. Osobn\u00ed (ani \u017e\u00e1dn\u00e9 jin\u00e9) \u00fadaje nezpracov\u00e1v\u00e1me pro pot\u0159eby c\u00edlen\u00e9ho nab\u00edzen\u00ed zbo\u017e\u00ed nebo slu\u017eeb. Osobn\u00ed \u00fadaje neprod\u00e1v\u00e1me ani neposkytujeme t\u0159et\u00edm stran\u00e1m. Souhlas pova\u017eujeme za platn\u00fd do jeho odvol\u00e1n\u00ed, viz n\u00ed\u017ee.<\/p>\n<h4>Smluvn\u00ed strany<\/h4>\n<p class=\"bezny\">Spr\u00e1vcem t\u011bchto osobn\u00edch \u00fadaj\u016f je Obec Litochovice.<\/p>\n<p class=\"bezny\">Zpracovatelem je spole\u010dnost <a href=\"http:\/\/www.nts.cz\">NTS Computer, a.s.<\/a><\/p>\n<div class=\"editor\">\n<div class=\"sf\">\u00a0<\/div>\n<\/div>\n<hr class=\"cist\" \/><hr class=\"cist\" \/>\n<h3 id=\"cookies\">Prohl\u00e1\u0161en\u00ed o pou\u017eit\u00ed cookies<\/h3>\n<p class=\"bezny\">Tyto webov\u00e9 str\u00e1nky ukl\u00e1daj\u00ed v souladu se z\u00e1kony na va\u0161e za\u0159\u00edzen\u00ed soubory, obecn\u011b naz\u00fdvan\u00e9 cookies.<\/p>\n<h4>Co jsou cookies?<\/h4>\n<p class=\"bezny\">Cookies jsou mal\u00e9 datov\u00e9 soubory, d\u00edky kter\u00fdm si nav\u0161t\u00edven\u00e9 webov\u00e9 str\u00e1nky pamatuj\u00ed va\u0161e \u00fakony a nastaven\u00ed, kter\u00e9 jste na nich provedli, tak\u017ee tyto \u00fadaje nemus\u00edte zad\u00e1vat opakovan\u011b. Cookies nep\u0159edstavuj\u00ed nebezpe\u010d\u00ed, maj\u00ed v\u0161ak v\u00fdznam pro ochranu soukrom\u00ed. Cookies nelze pou\u017e\u00edt pro zji\u0161t\u011bn\u00ed toto\u017enosti n\u00e1v\u0161t\u011bvn\u00edk\u016f str\u00e1nek ani ke zneu\u017eit\u00ed p\u0159ihla\u0161ovac\u00edch \u00fadaj\u016f.<\/p>\n<h4>Jak\u00e9 cookies pou\u017e\u00edv\u00e1me?<\/h4>\n<p class=\"bezny\">Pou\u017e\u00edv\u00e1me cookies nap\u0159\u00edklad pro zachov\u00e1n\u00ed p\u0159epnut\u00ed zobrazen\u00ed z mobiln\u00edch za\u0159\u00edzen\u00ed do PC verze webu, pro kontrolu hlasov\u00e1n\u00ed v anket\u00e1ch a dal\u0161\u00ed pro zachov\u00e1n\u00ed va\u0161ich preferenc\u00ed p\u0159i prohl\u00ed\u017een\u00ed t\u011bchto webov\u00fdch str\u00e1nek. Podrobn\u011bj\u0161\u00ed informace z\u00edsk\u00e1te na n\u00ed\u017ee uveden\u00e9m kontaktu na spr\u00e1vce webu.<\/p>\n<p class=\"bezny\">D\u00e1le pou\u017e\u00edv\u00e1me cookies t\u0159et\u00edch stran (nap\u0159. Google Analytics pro anal\u00fdzu n\u00e1v\u0161t\u011bvnosti). Tyto cookies jsou \u0159\u00edzeny t\u0159et\u00edmi stranami a nem\u00e1me p\u0159\u00edstup ke \u010dten\u00ed nebo z\u00e1pisu t\u011bchto dat.<\/p>\n<h4>Souhlas s ukl\u00e1d\u00e1n\u00edm cookies<\/h4>\n<p class=\"bezny\">V\u011bt\u0161ina prohl\u00ed\u017ee\u010d\u016f cookies automaticky akceptuje, pokud nen\u00ed prohl\u00ed\u017ee\u010d nastaven jinak. Pou\u017e\u00edv\u00e1n\u00edm t\u011bchto webov\u00fdch str\u00e1nek souhlas\u00edte s ukl\u00e1d\u00e1n\u00edm soubor\u016f cookies. Pou\u017eit\u00ed cookies m\u016f\u017eete omezit nebo zablokovat v nastaven\u00ed sv\u00e9ho webov\u00e9ho prohl\u00ed\u017ee\u010de. Informace o nastaven\u00ed konkr\u00e9tn\u00edho prohl\u00ed\u017ee\u010de naleznete na uveden\u00fdch adres\u00e1ch:<\/p>\n<ul class=\"bezny\">\n<li>Internet Explorer: <a href=\"http:\/\/windows.microsoft.com\/\">windows.microsoft.com<\/a><\/li>\n<li>Google Chrome: <a href=\"https:\/\/support.google.com\/\">support.google.com<\/a><\/li>\n<li>Mozilla Firefox: <a href=\"https:\/\/support.mozilla.org\/\">support.mozilla.org<\/a><\/li>\n<li>Opera: <a href=\"http:\/\/help.opera.com\/\">help.opera.com<\/a><\/li>\n<li>Safari: <a href=\"https:\/\/support.apple.com\/\">support.apple.com<\/a><\/li>\n<\/ul>\n<h3 id=\"googleAnalytics\">Prohl\u00e1\u0161en\u00ed k u\u017eit\u00ed Google Translate<\/h3>\n<p class=\"bezny\">Pokud je k p\u0159ekladu str\u00e1nek pou\u017eit p\u0159eklada\u010d Google, \u0159\u00edd\u00ed se jeho u\u017eit\u00ed podm\u00ednkami Google Inc.: Viz <a href=\"http:\/\/www.google.com\/intl\/cs\/policies\/\">http:\/\/www.google.com\/intl\/cs\/policies<\/a>.<\/p>\n<div class=\"editor\">\n<div class=\"sf\">\u00a0<\/div>\n<\/div>\n<hr class=\"cist\" \/>\n<h3>Kontakt na spr\u00e1vce webu<\/h3>\n<p class=\"bezny\">M\u00e1te-li k uveden\u00fdm informac\u00edm dotaz, obra\u0165te se na spr\u00e1vce t\u011bchto webov\u00fdch str\u00e1nek\u00a0nebo na spole\u010dnost <a href=\"http:\/\/www.nts.cz\">NTS Computer, a.s.<\/a>, kter\u00e1 je dodavatelem redak\u010dn\u00edho syst\u00e9mu WordPress a technologi\u00ed umo\u017e\u0148uj\u00edc\u00edch provoz t\u011bchto webov\u00fdch str\u00e1nek.<br \/>NTS Computer, a.s., Bezd\u011bkovsk\u00e1 30, 386 01 Strakonice, \u010cesk\u00e1 republika, tel. +420 383 323 511, e-mail <a href=\"mailto:info@nts.cz\">info@nts.cz<\/a>, web <a href=\"http:\/\/www.nts.cz\">www.nts.cz<\/a><\/p>\n<\/div><\/div>\n","protected":false},"excerpt":{"rendered":"<p>Prohl\u00e1\u0161en\u00ed o p\u0159\u00edstupnosti Obec Litochovice se zavazuje k zp\u0159\u00edstupn\u011bn\u00ed sv\u00e9 webov\u00e9 str\u00e1nky v souladu se z\u00e1konem \u010d. 99\/2019 Sb., o p\u0159\u00edstupnosti internetov\u00fdch str\u00e1nek a mobiln\u00edch aplikac\u00ed a o zm\u011bn\u011b z\u00e1kona \u010d. 365\/2000 Sb., o informa\u010dn\u00edch syst\u00e9mech ve\u0159ejn\u00e9 spr\u00e1vy a o <a class=\"more-link\" href=\"https:\/\/www.litochovice.cz\/index.php\/pristupnost\/\">Cel\u00fd \u010dl\u00e1nek  <span class=\"screen-reader-text\">  P\u0159\u00edstupnost<\/span><span class=\"meta-nav\">&rarr;<\/span><\/a><\/p>\n","protected":false},"author":1,"featured_media":0,"parent":0,"menu_order":0,"comment_status":"closed","ping_status":"closed","template":"","meta":{"footnotes":""},"class_list":["post-62","page","type-page","status-publish","hentry"],"_links":{"self":[{"href":"https:\/\/www.litochovice.cz\/index.php\/wp-json\/wp\/v2\/pages\/62","targetHints":{"allow":["GET"]}}],"collection":[{"href":"https:\/\/www.litochovice.cz\/index.php\/wp-json\/wp\/v2\/pages"}],"about":[{"href":"https:\/\/www.litochovice.cz\/index.php\/wp-json\/wp\/v2\/types\/page"}],"author":[{"embeddable":true,"href":"https:\/\/www.litochovice.cz\/index.php\/wp-json\/wp\/v2\/users\/1"}],"replies":[{"embeddable":true,"href":"https:\/\/www.litochovice.cz\/index.php\/wp-json\/wp\/v2\/comments?post=62"}],"version-history":[{"count":8,"href":"https:\/\/www.litochovice.cz\/index.php\/wp-json\/wp\/v2\/pages\/62\/revisions"}],"predecessor-version":[{"id":336,"href":"https:\/\/www.litochovice.cz\/index.php\/wp-json\/wp\/v2\/pages\/62\/revisions\/336"}],"wp:attachment":[{"href":"https:\/\/www.litochovice.cz\/index.php\/wp-json\/wp\/v2\/media?parent=62"}],"curies":[{"name":"wp","href":"https:\/\/api.w.org\/{rel}","templated":true}]}}