{"id":672,"date":"2020-09-17T17:12:04","date_gmt":"2020-09-17T15:12:04","guid":{"rendered":"https:\/\/www.litochovice.cz\/?page_id=672"},"modified":"2023-02-06T12:30:06","modified_gmt":"2023-02-06T11:30:06","slug":"obecne-zavazne-vyhlasky","status":"publish","type":"page","link":"https:\/\/www.litochovice.cz\/index.php\/obecne-zavazne-vyhlasky\/","title":{"rendered":"Obecn\u011b z\u00e1vazn\u00e9 vyhl\u00e1\u0161ky"},"content":{"rendered":"<p><a href=\"https:\/\/www.litochovice.cz\/wp-content\/uploads\/2021\/08\/Obecne-zavazna-vyhlaska-o-mistnim-poplatku-z-pobytu.pdf\">Obecn\u011b z\u00e1vazn\u00e1 vyhl\u00e1\u0161ka o m\u00edstn\u00edm poplatku z pobytu<\/a><\/p>\n<p><a href=\"https:\/\/www.litochovice.cz\/wp-content\/uploads\/2021\/08\/Podpisy-k-vyhlasce.pdf\">Podpisy k vyhl\u00e1\u0161ce<\/a><\/p>\n<p>vyv\u011b\u0161eno dne na \u00fa\u0159edn\u00ed desce i v elektronick\u00e9 podob\u011b 19.7.2021<\/p>\n<p>_______________<\/p>\n<p><a href=\"https:\/\/www.litochovice.cz\/wp-content\/uploads\/2020\/09\/Obecn\u011b-z\u00e1vazn\u00e1-vyhl\u00e1\u0161ka-o-m\u00edstn\u00edm-poplatku-ze-ps\u016f.pdf\">Obecn\u011b z\u00e1vazn\u00e1 vyhl\u00e1\u0161ka o m\u00edstn\u00edm poplatku ze ps\u016f<\/a><\/p>\n<p>vyv\u011b\u0161eno dne na \u00fa\u0159edn\u00ed desce i v elektronick\u00e9 podob\u011b 1.6.2020<\/p>\n<p>_______________<\/p>\n<p><a href=\"https:\/\/www.litochovice.cz\/wp-content\/uploads\/2021\/12\/OZV-22021-o-stanoveni-obecniho-systemu-odpadoveho-hospodarstvi.pdf\">Obecn\u011b z\u00e1vazn\u00e1 vyhl\u00e1\u0161ka 22021 o stanoven\u00ed obecn\u00edho syst\u00e9mu odpadov\u00e9ho hospod\u00e1\u0159stv\u00ed<\/a><\/p>\n<p><a href=\"https:\/\/www.litochovice.cz\/wp-content\/uploads\/2021\/12\/OZV-32021-o-mistnim-poplatku-za-obecni-system-odpadoveho-hospodarstvi.pdf\">Obecn\u011b z\u00e1vazn\u00e1 vyhl\u00e1\u0161ka 32021 o m\u00edstn\u00edm poplatku za obecn\u00ed syst\u00e9m odpadov\u00e9ho hospod\u00e1\u0159stv\u00ed<\/a><\/p>\n<p>vyv\u011b\u0161eno dne na \u00fa\u0159edn\u00ed desce i v elektronick\u00e9 podob\u011b 29.11.2021<\/p>\n<p>_______________<\/p>\n<p><a href=\"https:\/\/www.litochovice.cz\/wp-content\/uploads\/2020\/09\/Obecn\u011b-z\u00e1vazn\u00e1-vyhl\u00e1\u0161ka-o-m\u00edstn\u00edm-poplatku-za-u\u017e\u00edv\u00e1n\u00ed-ve\u0159ejn\u00e9ho-prostranstv\u00ed.pdf\">Obecn\u011b z\u00e1vazn\u00e1 vyhl\u00e1\u0161ka o m\u00edstn\u00edm poplatku za u\u017e\u00edv\u00e1n\u00ed ve\u0159ejn\u00e9ho prostranstv\u00ed<\/a><\/p>\n<p>vyv\u011b\u0161eno dne na \u00fa\u0159edn\u00ed desce i v elektronick\u00e9 podob\u011b 1.6.2020<\/p>\n<p>_______________<\/p>\n<p>Obecn\u00e1 z\u00e1vazn\u00e1 vyhl\u00e1\u0161ka obce Litochovice \u010d. 1\/2023 &#8211; No\u010dn\u00ed klid<\/p>\n<p><a href=\"https:\/\/www.litochovice.cz\/wp-content\/uploads\/2023\/02\/Vyhlaska-o-nocnim-klidu.pdf\">Vyhl\u00e1\u0161ka o no\u010dn\u00edm klidu<\/a><\/p>\n<p>vyv\u011b\u0161eno dne na \u00fa\u0159edn\u00ed desce i v elektronick\u00e9 podob\u011b 23.1.2023<\/p>\n<p>_______________<\/p>\n<p>\u00a0<\/p>\n\n\n<\/p>\n<p>Obecn\u00e1 z\u00e1vazn\u00e1 vyhl\u00e1\u0161ka obce Litochovice \u010d. 1\/2017 &#8211; Z\u00e1kaz podomn\u00edho prodeje:<\/p>\n<p>\n\n\n\n<\/p>\n<p><a href=\"https:\/\/www.litochovice.cz\/wp-content\/uploads\/2020\/01\/scan-1.jpg\">scan 1.jpg<\/a><br \/><a href=\"https:\/\/www.litochovice.cz\/wp-content\/uploads\/2020\/01\/scan-2.jpg\">scan 2.jpg <\/a><\/p>\n<p>vyv\u011b\u0161eno dne na \u00fa\u0159edn\u00ed desce i v elektronick\u00e9 podob\u011b 1.6.2020<\/p>\n<p>\n\n\n<p><\/p>\n\n\n<p><\/p>\n","protected":false},"excerpt":{"rendered":"<p>Obecn\u011b z\u00e1vazn\u00e1 vyhl\u00e1\u0161ka o m\u00edstn\u00edm poplatku z pobytu Podpisy k vyhl\u00e1\u0161ce vyv\u011b\u0161eno dne na \u00fa\u0159edn\u00ed desce i v elektronick\u00e9 podob\u011b 19.7.2021 _______________ Obecn\u011b z\u00e1vazn\u00e1 vyhl\u00e1\u0161ka o m\u00edstn\u00edm poplatku ze ps\u016f vyv\u011b\u0161eno dne na \u00fa\u0159edn\u00ed desce i v elektronick\u00e9 podob\u011b 1.6.2020 <a class=\"more-link\" href=\"https:\/\/www.litochovice.cz\/index.php\/obecne-zavazne-vyhlasky\/\">Cel\u00fd \u010dl\u00e1nek  <span class=\"screen-reader-text\">  Obecn\u011b z\u00e1vazn\u00e9 vyhl\u00e1\u0161ky<\/span><span class=\"meta-nav\">&rarr;<\/span><\/a><\/p>\n","protected":false},"author":2,"featured_media":0,"parent":0,"menu_order":0,"comment_status":"closed","ping_status":"closed","template":"","meta":{"footnotes":""},"class_list":["post-672","page","type-page","status-publish","hentry"],"_links":{"self":[{"href":"https:\/\/www.litochovice.cz\/index.php\/wp-json\/wp\/v2\/pages\/672","targetHints":{"allow":["GET"]}}],"collection":[{"href":"https:\/\/www.litochovice.cz\/index.php\/wp-json\/wp\/v2\/pages"}],"about":[{"href":"https:\/\/www.litochovice.cz\/index.php\/wp-json\/wp\/v2\/types\/page"}],"author":[{"embeddable":true,"href":"https:\/\/www.litochovice.cz\/index.php\/wp-json\/wp\/v2\/users\/2"}],"replies":[{"embeddable":true,"href":"https:\/\/www.litochovice.cz\/index.php\/wp-json\/wp\/v2\/comments?post=672"}],"version-history":[{"count":12,"href":"https:\/\/www.litochovice.cz\/index.php\/wp-json\/wp\/v2\/pages\/672\/revisions"}],"predecessor-version":[{"id":1536,"href":"https:\/\/www.litochovice.cz\/index.php\/wp-json\/wp\/v2\/pages\/672\/revisions\/1536"}],"wp:attachment":[{"href":"https:\/\/www.litochovice.cz\/index.php\/wp-json\/wp\/v2\/media?parent=672"}],"curies":[{"name":"wp","href":"https:\/\/api.w.org\/{rel}","templated":true}]}}