{"id":675,"date":"2020-09-17T17:13:18","date_gmt":"2020-09-17T15:13:18","guid":{"rendered":"https:\/\/www.litochovice.cz\/?page_id=675"},"modified":"2022-05-10T12:00:51","modified_gmt":"2022-05-10T10:00:51","slug":"provozni-rad-vodovodu-a-kanalizace","status":"publish","type":"page","link":"https:\/\/www.litochovice.cz\/index.php\/provozni-rad-vodovodu-a-kanalizace\/","title":{"rendered":"Provozn\u00ed \u0159\u00e1d vodovodu a kanalizace"},"content":{"rendered":"<p><a href=\"https:\/\/www.litochovice.cz\/wp-content\/uploads\/2020\/09\/Provozn\u00ed-\u0159\u00e1d-vodovodu-St\u0159\u00edte\u017e.pdf\">Provozn\u00ed \u0159\u00e1d vodovodu St\u0159\u00edte\u017e<\/a><\/p>\n<p><a href=\"https:\/\/www.litochovice.cz\/wp-content\/uploads\/2020\/09\/mapa-St\u0159\u00edte\u017e.pdf\">mapa St\u0159\u00edte\u017e<\/a><\/p>\n<p><a href=\"https:\/\/www.litochovice.cz\/wp-content\/uploads\/2020\/09\/Provozn\u00ed-\u0159\u00e1d-vodovodu-Litochovice.pdf\">Provozn\u00ed \u0159\u00e1d vodovodu Litochovice<\/a><\/p>\n<p><a href=\"https:\/\/www.litochovice.cz\/wp-content\/uploads\/2020\/09\/mapa-Litochovice.pdf\">mapa Litochovice<\/a><\/p>\n<p><a href=\"https:\/\/www.litochovice.cz\/wp-content\/uploads\/2020\/09\/Kanaliza\u010dn\u00ed-\u0159\u00e1d-Litochovice-zku\u0161ebn\u00ed-provoz.pdf\">Kanaliza\u010dn\u00ed \u0159\u00e1d Litochovice &#8211; zku\u0161ebn\u00ed provoz<\/a><\/p>\n<p><a href=\"https:\/\/www.litochovice.cz\/wp-content\/uploads\/2022\/05\/Kanalizacni-rad-Litochovice.pdf\">Kanaliza\u010dn\u00ed \u0159\u00e1d Litochovice &#8211; ostr\u00fd provoz<\/a><\/p>\n\n\n<p><\/p>\n","protected":false},"excerpt":{"rendered":"<p>Provozn\u00ed \u0159\u00e1d vodovodu St\u0159\u00edte\u017e mapa St\u0159\u00edte\u017e Provozn\u00ed \u0159\u00e1d vodovodu Litochovice mapa Litochovice Kanaliza\u010dn\u00ed \u0159\u00e1d Litochovice &#8211; zku\u0161ebn\u00ed provoz Kanaliza\u010dn\u00ed \u0159\u00e1d Litochovice &#8211; ostr\u00fd provoz<\/p>\n","protected":false},"author":2,"featured_media":0,"parent":0,"menu_order":0,"comment_status":"closed","ping_status":"closed","template":"","meta":{"footnotes":""},"class_list":["post-675","page","type-page","status-publish","hentry"],"_links":{"self":[{"href":"https:\/\/www.litochovice.cz\/index.php\/wp-json\/wp\/v2\/pages\/675","targetHints":{"allow":["GET"]}}],"collection":[{"href":"https:\/\/www.litochovice.cz\/index.php\/wp-json\/wp\/v2\/pages"}],"about":[{"href":"https:\/\/www.litochovice.cz\/index.php\/wp-json\/wp\/v2\/types\/page"}],"author":[{"embeddable":true,"href":"https:\/\/www.litochovice.cz\/index.php\/wp-json\/wp\/v2\/users\/2"}],"replies":[{"embeddable":true,"href":"https:\/\/www.litochovice.cz\/index.php\/wp-json\/wp\/v2\/comments?post=675"}],"version-history":[{"count":5,"href":"https:\/\/www.litochovice.cz\/index.php\/wp-json\/wp\/v2\/pages\/675\/revisions"}],"predecessor-version":[{"id":1257,"href":"https:\/\/www.litochovice.cz\/index.php\/wp-json\/wp\/v2\/pages\/675\/revisions\/1257"}],"wp:attachment":[{"href":"https:\/\/www.litochovice.cz\/index.php\/wp-json\/wp\/v2\/media?parent=675"}],"curies":[{"name":"wp","href":"https:\/\/api.w.org\/{rel}","templated":true}]}}